{"id":3836,"date":"2022-11-29T15:38:46","date_gmt":"2022-11-29T14:38:46","guid":{"rendered":"https:\/\/icn-isn-boissy.yj.fr\/wp\/?page_id=3836"},"modified":"2022-11-29T19:33:24","modified_gmt":"2022-11-29T18:33:24","slug":"les-metiers-de-la-cyber","status":"publish","type":"page","link":"https:\/\/icn-isn-boissy.yj.fr\/wp\/la-cybersecurite\/les-metiers-de-la-cyber\/","title":{"rendered":"Les m\u00e9tiers de la cyber"},"content":{"rendered":"\n<p><strong>EN QUOI CONSISTE TON M\u00c9TIER ?<\/strong><\/p>\n\n\n\n<p>\u2022<strong>Comment<\/strong><strong> <\/strong><strong>es-<\/strong><strong>tu<\/strong><strong> <\/strong><strong>arriv\u00e9<\/strong><strong> <\/strong><strong>dans<\/strong><strong> <\/strong><strong>la<\/strong><strong> <\/strong><strong>cybers\u00e9curit\u00e9<\/strong><strong> <\/strong><strong>?<\/strong><\/p>\n\n\n\n<p>\u2022<strong>Qu\u2019est-ce<\/strong><strong> <\/strong><strong>qui<\/strong><strong> <\/strong><strong>te<\/strong><strong> <\/strong><strong>pla\u00eet<\/strong><strong> <\/strong><strong>dans<\/strong><strong> <\/strong><strong>ton<\/strong><strong> <\/strong><strong>m\u00e9tier<\/strong><strong> <\/strong><strong>?<\/strong><\/p>\n\n\n\n<p>\u2022<strong>\u00c0<\/strong><strong> <\/strong><strong>quoi<\/strong><strong> <\/strong><strong>ressemble<\/strong><strong> <\/strong><strong>une<\/strong><strong> <\/strong><strong>journ\u00e9e<\/strong><strong> <\/strong><strong>type<\/strong><strong> dans <\/strong><strong>la<\/strong><strong> <\/strong><strong>cybers\u00e9curit\u00e9<\/strong><strong> <\/strong><strong>?<\/strong><\/p>\n\n\n\n<p>\u2022<strong>Faut-<\/strong><strong>il<\/strong><strong> <\/strong><strong>savoir<\/strong><strong> <\/strong><strong>parler<\/strong><strong> <\/strong><strong>anglais<\/strong><strong> <\/strong><strong>pour<\/strong><strong> <\/strong><strong>exercer<\/strong><strong> <\/strong><strong>ton<\/strong><strong> <\/strong><strong>m\u00e9tier<\/strong><strong> <\/strong><strong>?<\/strong><\/p>\n\n\n\n<p>\u2022<strong>As-<\/strong><strong>tu<\/strong><strong> <\/strong><strong>d\u00e9j\u00e0<\/strong><strong> <\/strong><strong>\u00e9t\u00e9<\/strong><strong> <\/strong><strong>victime<\/strong><strong> <\/strong><strong>d\u2019un<\/strong><strong> <\/strong><strong>virus<\/strong><strong> <\/strong><strong>ou<\/strong><strong> <\/strong><strong>d\u2019un<\/strong><strong> <\/strong><strong>phishing<\/strong><strong> <\/strong><strong>?<\/strong><\/p>\n\n\n\n<p>\u2022<strong>Quels<\/strong><strong> <\/strong><strong>sont<\/strong><strong> <\/strong><strong>tes<\/strong><strong> <\/strong><strong>trois<\/strong><strong> <\/strong><strong>conseils<\/strong><strong> <\/strong><strong>cybers\u00e9curit\u00e9<\/strong><strong> <\/strong><strong>?<\/strong><\/p>\n\n\n\n<p>\u2022<strong>Que<\/strong><strong> <\/strong><strong>dirais-<\/strong><strong>tu<\/strong><strong> <\/strong><strong>aux<\/strong><strong> <\/strong><strong>jeunes<\/strong><strong> <\/strong><strong>qui<\/strong><strong> <\/strong><strong>h\u00e9sitent<\/strong><strong> <\/strong><strong>\u00e0<\/strong><strong> <\/strong><strong>se<\/strong><strong> <\/strong><strong>lancer<\/strong><strong> <\/strong><strong>en<\/strong><strong> <\/strong><strong>cybers\u00e9curit\u00e9<\/strong><strong> <\/strong><strong>?<\/strong><\/p>\n\n\n\n<p>Cliquer sur l&rsquo;image pour acc\u00e9der au <a rel=\"noreferrer noopener\" href=\"https:\/\/padlet.com\/arnaudjumelet\/r0lm1twp4n2563mw\" target=\"_blank\">padlet<\/a> :<\/p>\n\n\n\n<figure class=\"wp-block-gallery has-nested-images columns-default is-cropped wp-block-gallery-2 is-layout-flex wp-block-gallery-is-layout-flex\">\n<figure class=\"wp-block-image size-large wp-duotone-unset-1\"><a href=\"https:\/\/padlet.com\/arnaudjumelet\/r0lm1twp4n2563mw\" target=\"_blank\" rel=\"noreferrer noopener\"><img loading=\"lazy\" decoding=\"async\" width=\"1024\" height=\"706\" data-id=\"3846\" src=\"https:\/\/icn-isn-boissy.yj.fr\/wp\/wp-content\/uploads\/2022\/11\/Cybersecu_img12-1024x706.png\" alt=\"\" class=\"wp-image-3846\" srcset=\"https:\/\/icn-isn-boissy.yj.fr\/wp\/wp-content\/uploads\/2022\/11\/Cybersecu_img12-1024x706.png 1024w, https:\/\/icn-isn-boissy.yj.fr\/wp\/wp-content\/uploads\/2022\/11\/Cybersecu_img12-300x207.png 300w, https:\/\/icn-isn-boissy.yj.fr\/wp\/wp-content\/uploads\/2022\/11\/Cybersecu_img12-768x529.png 768w, https:\/\/icn-isn-boissy.yj.fr\/wp\/wp-content\/uploads\/2022\/11\/Cybersecu_img12.png 1216w\" sizes=\"auto, (max-width: 1024px) 100vw, 1024px\" \/><\/a><\/figure>\n<\/figure>\n\n\n\n<figure class=\"wp-block-image size-large\"><a href=\"https:\/\/kahoot.it\/\" target=\"_blank\" rel=\"noreferrer noopener\"><img loading=\"lazy\" decoding=\"async\" width=\"1024\" height=\"451\" src=\"https:\/\/icn-isn-boissy.yj.fr\/wp\/wp-content\/uploads\/2022\/11\/Cybersecu_img13-1-1024x451.jpg\" alt=\"\" class=\"wp-image-3847\" srcset=\"https:\/\/icn-isn-boissy.yj.fr\/wp\/wp-content\/uploads\/2022\/11\/Cybersecu_img13-1-1024x451.jpg 1024w, https:\/\/icn-isn-boissy.yj.fr\/wp\/wp-content\/uploads\/2022\/11\/Cybersecu_img13-1-300x132.jpg 300w, https:\/\/icn-isn-boissy.yj.fr\/wp\/wp-content\/uploads\/2022\/11\/Cybersecu_img13-1-768x338.jpg 768w, https:\/\/icn-isn-boissy.yj.fr\/wp\/wp-content\/uploads\/2022\/11\/Cybersecu_img13-1.jpg 1302w\" sizes=\"auto, (max-width: 1024px) 100vw, 1024px\" \/><\/a><figcaption class=\"wp-element-caption\">Cliquer sur l&rsquo;image pour acc\u00e9der au <a href=\"https:\/\/kahoot.it\/\" target=\"_blank\" rel=\"noreferrer noopener\">QUIZZ KAHOOT<\/a> et demander le code PIN du jeu au professeur<\/figcaption><\/figure>\n\n\n\n<figure class=\"wp-block-image size-full is-resized\"><a href=\"https:\/\/icn-isn-boissy.yj.fr\/wp\/la-cybersecurite\/les-gestes-de-la-cybersecurite\/\"><img loading=\"lazy\" decoding=\"async\" src=\"https:\/\/icn-isn-boissy.yj.fr\/wp\/wp-content\/uploads\/2020\/09\/Suite.jpg\" alt=\"\" class=\"wp-image-2793\" width=\"100\" height=\"79\"\/><\/a><figcaption class=\"wp-element-caption\"><a href=\"https:\/\/icn-isn-boissy.yj.fr\/wp\/la-cybersecurite\/les-gestes-de-la-cybersecurite\/\">SUITE : Les gestes de la cybers\u00e9curit\u00e9<\/a><\/figcaption><\/figure>\n\r\n","protected":false},"excerpt":{"rendered":"<p>EN QUOI CONSISTE TON M\u00c9TIER ? \u2022Comment es-tu arriv\u00e9 dans la cybers\u00e9curit\u00e9 ? \u2022Qu\u2019est-ce qui te pla\u00eet dans ton m\u00e9tier ? \u2022\u00c0 quoi ressemble une journ\u00e9e type dans la cybers\u00e9curit\u00e9 ? \u2022Faut-il savoir parler anglais pour exercer ton m\u00e9tier ? \u2022As-tu d\u00e9j\u00e0 \u00e9t\u00e9 victime d\u2019un virus ou d\u2019un phishing ? \u2022Quels sont tes trois conseils &hellip; <a href=\"https:\/\/icn-isn-boissy.yj.fr\/wp\/la-cybersecurite\/les-metiers-de-la-cyber\/\" class=\"more-link\">Continuer la lecture de <span class=\"screen-reader-text\">Les m\u00e9tiers de la cyber<\/span>  <span class=\"meta-nav\">&rarr;<\/span><\/a><\/p>\n","protected":false},"author":1,"featured_media":0,"parent":3820,"menu_order":1,"comment_status":"closed","ping_status":"closed","template":"","meta":{"footnotes":""},"class_list":["post-3836","page","type-page","status-publish","hentry"],"_links":{"self":[{"href":"https:\/\/icn-isn-boissy.yj.fr\/wp\/wp-json\/wp\/v2\/pages\/3836","targetHints":{"allow":["GET"]}}],"collection":[{"href":"https:\/\/icn-isn-boissy.yj.fr\/wp\/wp-json\/wp\/v2\/pages"}],"about":[{"href":"https:\/\/icn-isn-boissy.yj.fr\/wp\/wp-json\/wp\/v2\/types\/page"}],"author":[{"embeddable":true,"href":"https:\/\/icn-isn-boissy.yj.fr\/wp\/wp-json\/wp\/v2\/users\/1"}],"replies":[{"embeddable":true,"href":"https:\/\/icn-isn-boissy.yj.fr\/wp\/wp-json\/wp\/v2\/comments?post=3836"}],"version-history":[{"count":4,"href":"https:\/\/icn-isn-boissy.yj.fr\/wp\/wp-json\/wp\/v2\/pages\/3836\/revisions"}],"predecessor-version":[{"id":3886,"href":"https:\/\/icn-isn-boissy.yj.fr\/wp\/wp-json\/wp\/v2\/pages\/3836\/revisions\/3886"}],"up":[{"embeddable":true,"href":"https:\/\/icn-isn-boissy.yj.fr\/wp\/wp-json\/wp\/v2\/pages\/3820"}],"wp:attachment":[{"href":"https:\/\/icn-isn-boissy.yj.fr\/wp\/wp-json\/wp\/v2\/media?parent=3836"}],"curies":[{"name":"wp","href":"https:\/\/api.w.org\/{rel}","templated":true}]}}