{"id":2230,"date":"2019-11-13T11:15:11","date_gmt":"2019-11-13T10:15:11","guid":{"rendered":"https:\/\/icn-isn-boissy.yj.fr\/wp\/?page_id=2230"},"modified":"2022-03-01T15:35:02","modified_gmt":"2022-03-01T14:35:02","slug":"serveur-web","status":"publish","type":"page","link":"https:\/\/icn-isn-boissy.yj.fr\/wp\/serveur-web\/","title":{"rendered":"Serveur WEB"},"content":{"rendered":"\n<p> Visionnez la vid\u00e9o et r\u00e9alisez un serveur web <\/p>\n\n\n\n<figure class=\"wp-block-embed is-type-video is-provider-youtube wp-block-embed-youtube wp-embed-aspect-16-9 wp-has-aspect-ratio\"><div class=\"wp-block-embed__wrapper\">\n<iframe loading=\"lazy\" title=\"filius 4\" width=\"474\" height=\"267\" src=\"https:\/\/www.youtube.com\/embed\/EZp_TLGVyv0?start=6&#038;feature=oembed\" frameborder=\"0\" allow=\"accelerometer; autoplay; clipboard-write; encrypted-media; gyroscope; picture-in-picture; web-share\" referrerpolicy=\"strict-origin-when-cross-origin\" allowfullscreen><\/iframe>\n<\/div><\/figure>\n\n\n\n<p>Apr\u00e8s que votre serveur WEB soit cr\u00e9\u00e9, remplacez  la page d&rsquo;accueil du serveur par votre premi\u00e8re page de votre site en modifiant l&rsquo;index.html<\/p>\n\n\n\n<div class=\"wp-block-group alignwide\"><div class=\"wp-block-group__inner-container is-layout-flow wp-block-group-is-layout-flow\">\n<hr class=\"wp-block-separator\"\/>\n\n\n\n<div class=\"wp-block-media-text alignwide is-stacked-on-mobile\" style=\"grid-template-columns:16% auto\"><figure class=\"wp-block-media-text__media\"><img loading=\"lazy\" decoding=\"async\" width=\"199\" height=\"156\" src=\"https:\/\/icn-isn-boissy.yj.fr\/wp\/wp-content\/uploads\/2020\/09\/Suite-1.jpg\" alt=\"\" class=\"wp-image-2794 size-full\"\/><\/figure><div class=\"wp-block-media-text__content\">\n<blockquote class=\"wp-block-quote is-layout-flow wp-block-quote-is-layout-flow\"><p><a href=\"https:\/\/icn-isn-boissy.yj.fr\/wp\/sciences-numeriques-et-technologie\/internet\/reseaux-pair-a-pair-ou-peer-to-peer\/\">Suite : R\u00e9seaux peer to peer<\/a><\/p><\/blockquote>\n<\/div><\/div>\n\n\n\n<hr class=\"wp-block-separator\"\/>\n<\/div><\/div>\n\n\n\n<p>Pour aller plus loin<\/p>\n\n\n\n<figure class=\"wp-block-embed is-type-video is-provider-youtube wp-block-embed-youtube wp-embed-aspect-16-9 wp-has-aspect-ratio\"><div class=\"wp-block-embed__wrapper\">\n<iframe loading=\"lazy\" title=\"10 Filius raccordement de 2 r\u00e9seaux via 2 routeurs\" width=\"474\" height=\"267\" src=\"https:\/\/www.youtube.com\/embed\/ebeF0NGCmus?feature=oembed\" frameborder=\"0\" allow=\"accelerometer; autoplay; clipboard-write; encrypted-media; gyroscope; picture-in-picture; web-share\" referrerpolicy=\"strict-origin-when-cross-origin\" allowfullscreen><\/iframe>\n<\/div><\/figure>\n\r\n","protected":false},"excerpt":{"rendered":"<p>Visionnez la vid\u00e9o et r\u00e9alisez un serveur web Apr\u00e8s que votre serveur WEB soit cr\u00e9\u00e9, remplacez la page d&rsquo;accueil du serveur par votre premi\u00e8re page de votre site en modifiant l&rsquo;index.html Suite : R\u00e9seaux peer to peer Pour aller plus loin<\/p>\n","protected":false},"author":1,"featured_media":0,"parent":0,"menu_order":0,"comment_status":"closed","ping_status":"closed","template":"","meta":{"footnotes":""},"class_list":["post-2230","page","type-page","status-publish","hentry"],"_links":{"self":[{"href":"https:\/\/icn-isn-boissy.yj.fr\/wp\/wp-json\/wp\/v2\/pages\/2230","targetHints":{"allow":["GET"]}}],"collection":[{"href":"https:\/\/icn-isn-boissy.yj.fr\/wp\/wp-json\/wp\/v2\/pages"}],"about":[{"href":"https:\/\/icn-isn-boissy.yj.fr\/wp\/wp-json\/wp\/v2\/types\/page"}],"author":[{"embeddable":true,"href":"https:\/\/icn-isn-boissy.yj.fr\/wp\/wp-json\/wp\/v2\/users\/1"}],"replies":[{"embeddable":true,"href":"https:\/\/icn-isn-boissy.yj.fr\/wp\/wp-json\/wp\/v2\/comments?post=2230"}],"version-history":[{"count":4,"href":"https:\/\/icn-isn-boissy.yj.fr\/wp\/wp-json\/wp\/v2\/pages\/2230\/revisions"}],"predecessor-version":[{"id":3604,"href":"https:\/\/icn-isn-boissy.yj.fr\/wp\/wp-json\/wp\/v2\/pages\/2230\/revisions\/3604"}],"wp:attachment":[{"href":"https:\/\/icn-isn-boissy.yj.fr\/wp\/wp-json\/wp\/v2\/media?parent=2230"}],"curies":[{"name":"wp","href":"https:\/\/api.w.org\/{rel}","templated":true}]}}