{"id":1507,"date":"2019-06-19T08:38:42","date_gmt":"2019-06-19T06:38:42","guid":{"rendered":"https:\/\/icn-isn-boissy.yj.fr\/wp\/?page_id=1507"},"modified":"2020-04-07T09:52:23","modified_gmt":"2020-04-07T07:52:23","slug":"histoire-de-linformatique","status":"publish","type":"page","link":"https:\/\/icn-isn-boissy.yj.fr\/wp\/nsi-premiere\/histoire-de-linformatique\/","title":{"rendered":"Histoire de l\u2019informatique"},"content":{"rendered":"\n<p>Programme de num\u00e9rique et sciences informatiques de premi\u00e8re g\u00e9n\u00e9rale<\/p>\n\n\n\n<figure class=\"wp-block-table\"><table><tbody><tr><td>Contenus <\/td><td>Capacit\u00e9s attendues <\/td><\/tr><tr><td> \u00c9v\u00e9nements cl\u00e9s de l\u2019histoire de l\u2019informatique <\/td><td>Situer dans le temps les principaux \u00e9v\u00e9nements de l\u2019histoire de l\u2019informatique et leurs protagonistes. <\/td><\/tr><\/tbody><\/table><\/figure>\n\n\n\n<p>pour aborder cette partie du programme nous allons parcourir 3 diaporama cr\u00e9\u00e9 par  Sacha Krakowiak de  l&rsquo;Universit\u00e9 de Grenoble., voir son <a href=\"http:\/\/lig-membres.imag.fr\/krakowia\/Files\/Enseignement\/Histoire-Informatique\/Cours\/index.html\">cours ici<\/a>.<\/p>\n\n\n\n<div class=\"wp-block-file\"><a href=\"https:\/\/icn-isn-boissy.yj.fr\/wp\/wp-content\/uploads\/2020\/03\/NSI-2019-1-introduction.pdf\">Introduction<\/a><a href=\"https:\/\/icn-isn-boissy.yj.fr\/wp\/wp-content\/uploads\/2020\/03\/NSI-2019-1-introduction.pdf\" class=\"wp-block-file__button\" download>T\u00e9l\u00e9charger<\/a><\/div>\n\n\n\n<div class=\"wp-block-file\"><a href=\"https:\/\/icn-isn-boissy.yj.fr\/wp\/wp-content\/uploads\/2020\/03\/NSI-2019-2-ordinateurs.pdf\">Histoire des ordinateurs<\/a><a href=\"https:\/\/icn-isn-boissy.yj.fr\/wp\/wp-content\/uploads\/2020\/03\/NSI-2019-2-ordinateurs.pdf\" class=\"wp-block-file__button\" download>T\u00e9l\u00e9charger<\/a><\/div>\n\n\n\n<div class=\"wp-block-file\"><a href=\"https:\/\/icn-isn-boissy.yj.fr\/wp\/wp-content\/uploads\/2020\/03\/NSI-2019-3-logiciel.pdf\">Histoire logiciel<\/a><a href=\"https:\/\/icn-isn-boissy.yj.fr\/wp\/wp-content\/uploads\/2020\/03\/NSI-2019-3-logiciel.pdf\" class=\"wp-block-file__button\" download>T\u00e9l\u00e9charger<\/a><\/div>\n\n\n\n<p><\/p>\n\r\n","protected":false},"excerpt":{"rendered":"<p>Programme de num\u00e9rique et sciences informatiques de premi\u00e8re g\u00e9n\u00e9rale Contenus Capacit\u00e9s attendues \u00c9v\u00e9nements cl\u00e9s de l\u2019histoire de l\u2019informatique Situer dans le temps les principaux \u00e9v\u00e9nements de l\u2019histoire de l\u2019informatique et leurs protagonistes. pour aborder cette partie du programme nous allons parcourir 3 diaporama cr\u00e9\u00e9 par Sacha Krakowiak de l&rsquo;Universit\u00e9 de Grenoble., voir son cours ici.<\/p>\n","protected":false},"author":1,"featured_media":0,"parent":1498,"menu_order":0,"comment_status":"closed","ping_status":"closed","template":"","meta":{"footnotes":""},"class_list":["post-1507","page","type-page","status-publish","hentry"],"_links":{"self":[{"href":"https:\/\/icn-isn-boissy.yj.fr\/wp\/wp-json\/wp\/v2\/pages\/1507","targetHints":{"allow":["GET"]}}],"collection":[{"href":"https:\/\/icn-isn-boissy.yj.fr\/wp\/wp-json\/wp\/v2\/pages"}],"about":[{"href":"https:\/\/icn-isn-boissy.yj.fr\/wp\/wp-json\/wp\/v2\/types\/page"}],"author":[{"embeddable":true,"href":"https:\/\/icn-isn-boissy.yj.fr\/wp\/wp-json\/wp\/v2\/users\/1"}],"replies":[{"embeddable":true,"href":"https:\/\/icn-isn-boissy.yj.fr\/wp\/wp-json\/wp\/v2\/comments?post=1507"}],"version-history":[{"count":6,"href":"https:\/\/icn-isn-boissy.yj.fr\/wp\/wp-json\/wp\/v2\/pages\/1507\/revisions"}],"predecessor-version":[{"id":2728,"href":"https:\/\/icn-isn-boissy.yj.fr\/wp\/wp-json\/wp\/v2\/pages\/1507\/revisions\/2728"}],"up":[{"embeddable":true,"href":"https:\/\/icn-isn-boissy.yj.fr\/wp\/wp-json\/wp\/v2\/pages\/1498"}],"wp:attachment":[{"href":"https:\/\/icn-isn-boissy.yj.fr\/wp\/wp-json\/wp\/v2\/media?parent=1507"}],"curies":[{"name":"wp","href":"https:\/\/api.w.org\/{rel}","templated":true}]}}