{"id":1498,"date":"2019-06-17T11:00:42","date_gmt":"2019-06-17T09:00:42","guid":{"rendered":"https:\/\/icn-isn-boissy.yj.fr\/wp\/?page_id=1498"},"modified":"2020-02-17T10:36:07","modified_gmt":"2020-02-17T09:36:07","slug":"nsi-premiere","status":"publish","type":"page","link":"https:\/\/icn-isn-boissy.yj.fr\/wp\/nsi-premiere\/","title":{"rendered":"NSI Premi\u00e8re"},"content":{"rendered":"\n<h2 class=\"wp-block-heading\">Le programme de NSI en premi\u00e8re<\/h2>\n\n\n\n<p><a href=\"https:\/\/icn-isn-boissy.yj.fr\/wp\/2019\/06\/17\/programme-de-numerique-et-sciences-informatiques-de-premiere-generale\/\">voir ici<\/a><\/p>\n\n\n\n<h2 class=\"wp-block-heading\"><a href=\"https:\/\/icn-isn-boissy.yj.fr\/wp\/nsi-premiere\/histoire-de-linformatique\/\">Histoire de l\u2019informatique<\/a><\/h2>\n\n\n\n<h2 class=\"wp-block-heading\"><a href=\"https:\/\/icn-isn-boissy.yj.fr\/wp\/nsi-premiere\/representation-des-donnees-types-et-valeurs-de-base\/\">Repr\u00e9sentation des donn\u00e9es : types et valeurs de base<\/a><\/h2>\n\n\n\n<h2 class=\"wp-block-heading\"><a href=\"https:\/\/icn-isn-boissy.yj.fr\/wp\/nsi-premiere\/representation-des-donnees-types-construits\/\">Repr\u00e9sentation des donn\u00e9es : types construits<\/a><\/h2>\n\n\n\n<h2 class=\"wp-block-heading\"><a href=\"https:\/\/icn-isn-boissy.yj.fr\/wp\/nsi-premiere\/traitement-de-donnees-en-tables\/\">Traitement des donn\u00e9es en tables<\/a><\/h2>\n\n\n\n<h2 class=\"wp-block-heading\"><a href=\"https:\/\/icn-isn-boissy.yj.fr\/wp\/nsi-premiere\/interactions-entre-lhomme-et-la-machine-sur-le-web\/\">Interactions entre l&rsquo;homme et la machine sur le Web<\/a><\/h2>\n\n\n\n<h2 class=\"wp-block-heading\"><a href=\"https:\/\/icn-isn-boissy.yj.fr\/wp\/nsi-premiere\/architectures-materielles-et-systemes-dexploitation\/\">Architectures mat\u00e9rielles et syst\u00e8mes d&rsquo;exploitation<\/a><\/h2>\n\n\n\n<h2 class=\"wp-block-heading\"><a href=\"https:\/\/icn-isn-boissy.yj.fr\/wp\/nsi-premiere\/langages-et-programmation\/\">Langages et programmation<\/a><\/h2>\n\n\n\n<h2 class=\"wp-block-heading\"><a href=\"https:\/\/icn-isn-boissy.yj.fr\/wp\/nsi-premiere\/algorithmique\/\">Algorithmique<\/a><\/h2>\n\n\n\n<p><\/p>\n\n\n\n<p>Place Thierry<\/p>\n\n\n\n<p><\/p>\n\r\n","protected":false},"excerpt":{"rendered":"<p>Le programme de NSI en premi\u00e8re voir ici Histoire de l\u2019informatique Repr\u00e9sentation des donn\u00e9es : types et valeurs de base Repr\u00e9sentation des donn\u00e9es : types construits Traitement des donn\u00e9es en tables Interactions entre l&rsquo;homme et la machine sur le Web Architectures mat\u00e9rielles et syst\u00e8mes d&rsquo;exploitation Langages et programmation Algorithmique Place Thierry<\/p>\n","protected":false},"author":1,"featured_media":0,"parent":0,"menu_order":0,"comment_status":"closed","ping_status":"closed","template":"","meta":{"footnotes":""},"class_list":["post-1498","page","type-page","status-publish","hentry"],"_links":{"self":[{"href":"https:\/\/icn-isn-boissy.yj.fr\/wp\/wp-json\/wp\/v2\/pages\/1498","targetHints":{"allow":["GET"]}}],"collection":[{"href":"https:\/\/icn-isn-boissy.yj.fr\/wp\/wp-json\/wp\/v2\/pages"}],"about":[{"href":"https:\/\/icn-isn-boissy.yj.fr\/wp\/wp-json\/wp\/v2\/types\/page"}],"author":[{"embeddable":true,"href":"https:\/\/icn-isn-boissy.yj.fr\/wp\/wp-json\/wp\/v2\/users\/1"}],"replies":[{"embeddable":true,"href":"https:\/\/icn-isn-boissy.yj.fr\/wp\/wp-json\/wp\/v2\/comments?post=1498"}],"version-history":[{"count":5,"href":"https:\/\/icn-isn-boissy.yj.fr\/wp\/wp-json\/wp\/v2\/pages\/1498\/revisions"}],"predecessor-version":[{"id":2519,"href":"https:\/\/icn-isn-boissy.yj.fr\/wp\/wp-json\/wp\/v2\/pages\/1498\/revisions\/2519"}],"wp:attachment":[{"href":"https:\/\/icn-isn-boissy.yj.fr\/wp\/wp-json\/wp\/v2\/media?parent=1498"}],"curies":[{"name":"wp","href":"https:\/\/api.w.org\/{rel}","templated":true}]}}