{"id":1440,"date":"2019-06-06T13:47:26","date_gmt":"2019-06-06T11:47:26","guid":{"rendered":"https:\/\/icn-isn-boissy.yj.fr\/wp\/?page_id=1440"},"modified":"2020-04-01T11:29:27","modified_gmt":"2020-04-01T09:29:27","slug":"metadonnees-exif","status":"publish","type":"page","link":"https:\/\/icn-isn-boissy.yj.fr\/wp\/sciences-numeriques-et-technologie\/la-photographie-numerique-2\/metadonnees-exif\/","title":{"rendered":"M\u00e9tadonn\u00e9es EXIF"},"content":{"rendered":"\n<p>M\u00e9tadonn\u00e9es EXIF<\/p>\n\n\n\n<p>Un fichier \u00ab\u00a0image\u00a0\u00bb issu d&rsquo;un\nappareil photo num\u00e9rique contient plus qu&rsquo;une simple image. On trouve en effet\ndes informations sur l&rsquo;image elle-m\u00eame (d\u00e9finition, r\u00e9solution&#8230;) mais aussi\ndes informations sur la prise de vue (date et heure, lieu&#8230;). Cette\nsp\u00e9cification des fichiers \u00ab\u00a0image\u00a0\u00bb d&rsquo;un appareil photo num\u00e9rique\ns&rsquo;appelle EXIF (EXchangeable Image file Format). Ces donn\u00e9es contenues dans un\nfichier \u00ab\u00a0image\u00a0\u00bb d&rsquo;un appareil photo s&rsquo;appellent des m\u00e9tadonn\u00e9es.<\/p>\n\n\n\n<p>La plupart des logiciels de retouche photo\npermettent de lire ces m\u00e9tadonn\u00e9es. Nous n&rsquo;allons pas utiliser ce type de\nlogiciel, nous allons plut\u00f4t \u00e9crire un petit programme Python (plus\npr\u00e9cis\u00e9ment, nous utiliserons la biblioth\u00e8que Python \u00ab\u00a0PIL\u00a0\u00bb).<\/p>\n\n\n\n<p><strong>\u00c0 faire vous-m\u00eame 1<\/strong><\/p>\n\n\n\n<p>Cr\u00e9ez un dossier nomm\u00e9 \u00ab\u00a0exif\u00a0\u00bb,\nenregistrez l&rsquo;image suivante :&nbsp;<a href=\"https:\/\/pixees.fr\/informatiquelycee\/n_site\/asset\/photo.jpg\" target=\"_blank\" rel=\"noreferrer noopener\">\u00ab\u00a0photo.jpg\u00a0\u00bb<\/a>(clic droit, \u00ab\u00a0Enregistrer sous\u00a0\u00bb) dans ce\ndossier \u00ab\u00a0exif\u00a0\u00bb.<\/p>\n\n\n\n<p><strong>\u00c0 faire vous-m\u00eame 2<\/strong><\/p>\n\n\n\n<p>En utilisant le logiciel Pyzo, saisissez et testez le programme suivant (il faudra enregistrer le fichier contenant ce programme dans le dossier \u00ab\u00a0exif\u00a0\u00bb ) :<\/p>\n\n\n\n<p>import PIL.Image<\/p>\n\n\n\n<p>img =\nPIL.Image.open(&lsquo;photo.jpg&rsquo;)<\/p>\n\n\n\n<p>exif_data =\nimg._getexif()<\/p>\n\n\n\n<p>Apr\u00e8s avoir ex\u00e9cut\u00e9 le programme, utilisez l'\u00a0\u00bbExplorateur de variables\u00a0\u00bb de Pyzo, pour analyser le contenu de la variable \u00ab\u00a0exif_data\u00a0\u00bb:<\/p>\n\n\n\n<hr class=\"wp-block-separator\"\/>\n\n\n\n<p><strong>\u00c0 faire vous-m\u00eame 3<\/strong><\/p>\n\n\n\n<p>Comme vous pouvez le constater, nous avons\nun syst\u00e8me cl\u00e9:valeur (\u00e0 chaque cl\u00e9 correspond une valeur). Les cl\u00e9s sont\n\u00ab\u00a0cod\u00e9es\u00a0\u00bb par des nombres, pour comprendre la signification de ces\nnombres, consultez le site&nbsp;<a href=\"http:\/\/www.exiv2.org\/tags.html\" target=\"_blank\" rel=\"noreferrer noopener\">http:\/\/www.exiv2.org\/tags.html<\/a>.<\/p>\n\n\n\n<p>En vous aidant du site web cit\u00e9 ci-dessus, ou avec le logiciel photofiltre  ou Gimp ( image m\u00e9tadonn\u00e9e, afficher les m\u00e9tadonn\u00e9es),  relevez les informations suivantes pour l&rsquo;image\u00a0<a rel=\"noreferrer noopener\" href=\"https:\/\/pixees.fr\/informatiquelycee\/n_site\/asset\/photo.jpg\" target=\"_blank\">\u00ab\u00a0photo.jpg\u00a0\u00bb<\/a>\u00a0:<\/p>\n\n\n\n<ul class=\"wp-block-list\"><li>la largeur de\n     l&rsquo;image en pixel<\/li><li>la hauteur de\n     l&rsquo;image en pixel<\/li><li>le fabricant du\n     mat\u00e9riel<\/li><li>la date et l&rsquo;heure\n     de la prise de vue<\/li><\/ul>\n\n\n\n<p>Avec photofiltre et Gimp ,  utilisez la curseur de d\u00e9filement \u00e0 droite des donn\u00e9es ( dans propri\u00e9t\u00e9s de l&rsquo;image)<\/p>\n\n\n\n<p>v\u00e9rifiez :<\/p>\n\n\n\n<ul class=\"wp-block-list\"><li>      que nous sommes dans l&rsquo;h\u00e9misph\u00e8re Nord<\/li><li>nous  avons la latitude ((47, 1), (37, 1), (29107360, 1000000)) nous avons ici      une latitude en degr\u00e9s, minute, seconde (ici : 47 degr\u00e9s 37 minutes et      29,107360 secondes, aussi not\u00e9 47\u00b037&rsquo;29,107360&Prime;)<\/li><li> que nous sommes \u00e0 l&rsquo;ouest (W) du m\u00e9ridien de Greenwich<\/li><li> nous   avons la longitude ((3, 1), (25, 1), (42976570, 1000000)) ici aussi la      longitude est donn\u00e9e en degr\u00e9s, minute, seconde (ici :      3\u00b025&rsquo;42,976570&Prime;)<\/li><\/ul>\n\n\n\n<p>Pour convertir des (degr\u00e9s, minute,\nseconde aussi not\u00e9 DMS) en \u00ab\u00a0degr\u00e9s d\u00e9cimaux\u00a0\u00bb (DD) (unit\u00e9 que nous\navons utilis\u00e9e dans le module \u00ab\u00a0cartographie\u00a0\u00bb), il faut appliquer la\nformule suivante :<\/p>\n\n\n\n<p>DD = degr\u00e9s+(minute\/60)+(seconde\/3600)<\/p>\n\n\n\n<p>ATTENTION : pour que la conversion soit\ncorrecte, il faut ajouter un signe moins devant la longitude au format DD si\nnous sommes situ\u00e9s \u00e0 l&rsquo;ouest du m\u00e9ridien de Greenwich.<\/p>\n\n\n\n<p><strong>\u00c0 faire vous-m\u00eame 4<\/strong><\/p>\n\n\n\n<p>En vous aidant de ce qui a \u00e9t\u00e9 expliqu\u00e9\nci-dessus et de ce que vous avez vu dans le module \u00ab\u00a0cartographie\u00a0\u00bb,\n\u00e9crivez un programme Python permettant de g\u00e9n\u00e9rer une carte Open Street Map\navec un marqueur situ\u00e9 \u00e0 l&rsquo;endroit o\u00f9 a \u00e9t\u00e9 prise la photo\n\u00ab\u00a0photo.jpg\u00a0\u00bb<\/p>\n\n\n\n<hr class=\"wp-block-separator\"\/>\n\n\n\n<p><strong>\u00c0 faire vous-m\u00eame 5<\/strong><\/p>\n\n\n\n<p>Recommencez ce qui a \u00e9t\u00e9 demand\u00e9 dans le\n\u00ab\u00a0\u00c0 faire vous-m\u00eame 4\u00a0\u00bb avec, par exemple, une photo prise avec votre smartphone.<\/p>\n\r\n","protected":false},"excerpt":{"rendered":"<p>M\u00e9tadonn\u00e9es EXIF Un fichier \u00ab\u00a0image\u00a0\u00bb issu d&rsquo;un appareil photo num\u00e9rique contient plus qu&rsquo;une simple image. On trouve en effet des informations sur l&rsquo;image elle-m\u00eame (d\u00e9finition, r\u00e9solution&#8230;) mais aussi des informations sur la prise de vue (date et heure, lieu&#8230;). Cette sp\u00e9cification des fichiers \u00ab\u00a0image\u00a0\u00bb d&rsquo;un appareil photo num\u00e9rique s&rsquo;appelle EXIF (EXchangeable Image file Format). Ces &hellip; <a href=\"https:\/\/icn-isn-boissy.yj.fr\/wp\/sciences-numeriques-et-technologie\/la-photographie-numerique-2\/metadonnees-exif\/\" class=\"more-link\">Continuer la lecture de <span class=\"screen-reader-text\">M\u00e9tadonn\u00e9es EXIF<\/span>  <span class=\"meta-nav\">&rarr;<\/span><\/a><\/p>\n","protected":false},"author":1,"featured_media":0,"parent":1430,"menu_order":0,"comment_status":"closed","ping_status":"closed","template":"","meta":{"footnotes":""},"class_list":["post-1440","page","type-page","status-publish","hentry"],"_links":{"self":[{"href":"https:\/\/icn-isn-boissy.yj.fr\/wp\/wp-json\/wp\/v2\/pages\/1440","targetHints":{"allow":["GET"]}}],"collection":[{"href":"https:\/\/icn-isn-boissy.yj.fr\/wp\/wp-json\/wp\/v2\/pages"}],"about":[{"href":"https:\/\/icn-isn-boissy.yj.fr\/wp\/wp-json\/wp\/v2\/types\/page"}],"author":[{"embeddable":true,"href":"https:\/\/icn-isn-boissy.yj.fr\/wp\/wp-json\/wp\/v2\/users\/1"}],"replies":[{"embeddable":true,"href":"https:\/\/icn-isn-boissy.yj.fr\/wp\/wp-json\/wp\/v2\/comments?post=1440"}],"version-history":[{"count":7,"href":"https:\/\/icn-isn-boissy.yj.fr\/wp\/wp-json\/wp\/v2\/pages\/1440\/revisions"}],"predecessor-version":[{"id":2722,"href":"https:\/\/icn-isn-boissy.yj.fr\/wp\/wp-json\/wp\/v2\/pages\/1440\/revisions\/2722"}],"up":[{"embeddable":true,"href":"https:\/\/icn-isn-boissy.yj.fr\/wp\/wp-json\/wp\/v2\/pages\/1430"}],"wp:attachment":[{"href":"https:\/\/icn-isn-boissy.yj.fr\/wp\/wp-json\/wp\/v2\/media?parent=1440"}],"curies":[{"name":"wp","href":"https:\/\/api.w.org\/{rel}","templated":true}]}}