{"id":1419,"date":"2019-06-06T13:40:25","date_gmt":"2019-06-06T11:40:25","guid":{"rendered":"https:\/\/icn-isn-boissy.yj.fr\/wp\/?page_id=1419"},"modified":"2019-09-17T17:29:22","modified_gmt":"2019-09-17T15:29:22","slug":"donnees-dans-le-cloud","status":"publish","type":"page","link":"https:\/\/icn-isn-boissy.yj.fr\/wp\/sciences-numeriques-et-technologie\/les-donnees-structurees-et-leur-traitement\/donnees-dans-le-cloud\/","title":{"rendered":"Donn\u00e9es dans le cloud"},"content":{"rendered":"\n<p>\n\t\t\t\tTout le monde a d\u00e9j\u00e0 attendu parl\u00e9 du \u00ab\u00a0cloud\u00a0\u00bb, mais qu&rsquo;est ce que c&rsquo;est exactement ?\n\t\t\t<\/p>\n\n\n\n<h4 class=\"wp-block-heading\">\u00c0 faire vous-m\u00eame 1<\/h4>\n\n\n\n<p>\n\t\t\t\tApr\u00e8s avoir visionn\u00e9 la vid\u00e9o ci-dessous, r\u00e9pondez aux questions \nsuivantes (vous r\u00e9digerez vos r\u00e9ponses \u00e0 l&rsquo;aide d&rsquo;un traitement de \ntexte):\n\t\t\t<\/p>\n\n\n\n<ul class=\"wp-block-list\"><li>\n\t\t\t\t\t\tQu&rsquo;est-ce que le cloud ?\n\t\t\t\t\t<\/li><li>\n\t\t\t\t\t\tD&rsquo;o\u00f9 vient le terme cloud ?\n\t\t\t\t\t<\/li><li>\n\t\t\t\t\t\tQuelles sont les \u00e9volutions techniques qui ont permis le d\u00e9veloppement le cloud ?\n\t\t\t\t\t<\/li><li>\n\t\t\t\t\t\tQuels sont les avantages du cloud ? Et les d\u00e9savantages ?\n\t\t\t\t\t<\/li><\/ul>\n\n\n\n<figure><iframe loading=\"lazy\" src=\"https:\/\/www.youtube.com\/embed\/5YawCCUxa_E\" allowfullscreen=\"\" width=\"560\" height=\"315\"><\/iframe><\/figure>\n\n\n\n<hr class=\"wp-block-separator\"\/>\n\n\n\n<p> Dans la vid\u00e9o ci-dessus l&rsquo;intervenant parle de la consommation \n\u00e9lectrique des centres de donn\u00e9es, int\u00e9ressons-nous plus pr\u00e9cis\u00e9ment \u00e0 \ncette question.<\/p>\n\n\n\n<h4 class=\"wp-block-heading\">\u00c0 faire vous-m\u00eame 2<\/h4>\n\n\n\n<p>\n\t\t\t Apr\u00e8s avoir visionn\u00e9 la vid\u00e9o ci-dessous, faites un inventaire des \nprincipales causes de la consommation \u00e9nerg\u00e9tique des centres de donn\u00e9es\n (ce bilan sera r\u00e9alis\u00e9 \u00e0 l&rsquo;aide d&rsquo;un traitement de texte)\n\t\t <\/p>\n\n\n\n<figure><iframe loading=\"lazy\" src=\"https:\/\/www.youtube.com\/embed\/iiHxCX76bYU\" allowfullscreen=\"\" width=\"560\" height=\"315\"><\/iframe><\/figure>\n\r\n","protected":false},"excerpt":{"rendered":"<p>Tout le monde a d\u00e9j\u00e0 attendu parl\u00e9 du \u00ab\u00a0cloud\u00a0\u00bb, mais qu&rsquo;est ce que c&rsquo;est exactement ? \u00c0 faire vous-m\u00eame 1 Apr\u00e8s avoir visionn\u00e9 la vid\u00e9o ci-dessous, r\u00e9pondez aux questions suivantes (vous r\u00e9digerez vos r\u00e9ponses \u00e0 l&rsquo;aide d&rsquo;un traitement de texte): Qu&rsquo;est-ce que le cloud ? D&rsquo;o\u00f9 vient le terme cloud ? Quelles sont les \u00e9volutions &hellip; <a href=\"https:\/\/icn-isn-boissy.yj.fr\/wp\/sciences-numeriques-et-technologie\/les-donnees-structurees-et-leur-traitement\/donnees-dans-le-cloud\/\" class=\"more-link\">Continuer la lecture de <span class=\"screen-reader-text\">Donn\u00e9es dans le cloud<\/span>  <span class=\"meta-nav\">&rarr;<\/span><\/a><\/p>\n","protected":false},"author":1,"featured_media":0,"parent":1409,"menu_order":0,"comment_status":"closed","ping_status":"closed","template":"","meta":{"footnotes":""},"class_list":["post-1419","page","type-page","status-publish","hentry"],"_links":{"self":[{"href":"https:\/\/icn-isn-boissy.yj.fr\/wp\/wp-json\/wp\/v2\/pages\/1419","targetHints":{"allow":["GET"]}}],"collection":[{"href":"https:\/\/icn-isn-boissy.yj.fr\/wp\/wp-json\/wp\/v2\/pages"}],"about":[{"href":"https:\/\/icn-isn-boissy.yj.fr\/wp\/wp-json\/wp\/v2\/types\/page"}],"author":[{"embeddable":true,"href":"https:\/\/icn-isn-boissy.yj.fr\/wp\/wp-json\/wp\/v2\/users\/1"}],"replies":[{"embeddable":true,"href":"https:\/\/icn-isn-boissy.yj.fr\/wp\/wp-json\/wp\/v2\/comments?post=1419"}],"version-history":[{"count":2,"href":"https:\/\/icn-isn-boissy.yj.fr\/wp\/wp-json\/wp\/v2\/pages\/1419\/revisions"}],"predecessor-version":[{"id":1840,"href":"https:\/\/icn-isn-boissy.yj.fr\/wp\/wp-json\/wp\/v2\/pages\/1419\/revisions\/1840"}],"up":[{"embeddable":true,"href":"https:\/\/icn-isn-boissy.yj.fr\/wp\/wp-json\/wp\/v2\/pages\/1409"}],"wp:attachment":[{"href":"https:\/\/icn-isn-boissy.yj.fr\/wp\/wp-json\/wp\/v2\/media?parent=1419"}],"curies":[{"name":"wp","href":"https:\/\/api.w.org\/{rel}","templated":true}]}}