{"id":1380,"date":"2019-06-06T13:26:19","date_gmt":"2019-06-06T11:26:19","guid":{"rendered":"https:\/\/icn-isn-boissy.yj.fr\/wp\/?page_id=1380"},"modified":"2024-09-26T19:35:52","modified_gmt":"2024-09-26T17:35:52","slug":"petit-monde","status":"publish","type":"page","link":"https:\/\/icn-isn-boissy.yj.fr\/wp\/sciences-numeriques-et-technologie\/les-reseaux-sociaux\/petit-monde\/","title":{"rendered":"Petit monde"},"content":{"rendered":"\n<h4 class=\"wp-block-heading\">\u00c0 faire vous-m\u00eame 1<\/h4>\n\n\n\n<figure class=\"wp-block-embed is-type-video is-provider-youtube wp-block-embed-youtube wp-embed-aspect-16-9 wp-has-aspect-ratio\"><div class=\"wp-block-embed__wrapper\">\n<iframe loading=\"lazy\" title=\"Comment le web est devenu social ? (partie 1)\" width=\"474\" height=\"267\" src=\"https:\/\/www.youtube.com\/embed\/Tt7dat0QbbE?feature=oembed\" frameborder=\"0\" allow=\"accelerometer; autoplay; clipboard-write; encrypted-media; gyroscope; picture-in-picture; web-share\" referrerpolicy=\"strict-origin-when-cross-origin\" allowfullscreen><\/iframe>\n<\/div><\/figure>\n\n\n\n<p>&#8211; R\u00e9sumez en quelques lignes la vid\u00e9o pr\u00e9c\u00e9dente<\/p>\n\n\n\n<figure class=\"wp-block-embed is-type-video is-provider-youtube wp-block-embed-youtube wp-embed-aspect-16-9 wp-has-aspect-ratio\"><div class=\"wp-block-embed__wrapper\">\n<iframe loading=\"lazy\" title=\"Comment le web est devenu social ? (partie 2)\" width=\"474\" height=\"267\" src=\"https:\/\/www.youtube.com\/embed\/iex5zjJEuzs?feature=oembed\" frameborder=\"0\" allow=\"accelerometer; autoplay; clipboard-write; encrypted-media; gyroscope; picture-in-picture; web-share\" referrerpolicy=\"strict-origin-when-cross-origin\" allowfullscreen><\/iframe>\n<\/div><\/figure>\n\n\n\n<p> &#8211; R\u00e9sumez en quelques lignes la vid\u00e9o pr\u00e9c\u00e9dente <\/p>\n\n\n\n<p><\/p>\n\n\n\n<h4 class=\"wp-block-heading\">\u00c0 faire vous-m\u00eame 2<\/h4>\n\n\n\n<p>En vous aidant de la vid\u00e9o ci-dessous, expliquez la notion de \u00ab\u00a0petit monde\u00a0\u00bb (exp\u00e9rience de Milgram en 1967 et \u00e9tude de l&rsquo;universit\u00e9 de Milan en 2011)<\/p>\n\n\n\n<figure class=\"wp-block-embed is-type-video is-provider-youtube wp-block-embed-youtube wp-embed-aspect-16-9 wp-has-aspect-ratio\"><div class=\"wp-block-embed__wrapper\">\n<iframe loading=\"lazy\" title=\"Projet UEP R\u00e9seaux sociaux - Th\u00e9orie des 6 degr\u00e9s de s\u00e9paration\" width=\"474\" height=\"267\" src=\"https:\/\/www.youtube.com\/embed\/P7xItpdmXoc?start=8&#038;feature=oembed\" frameborder=\"0\" allow=\"accelerometer; autoplay; clipboard-write; encrypted-media; gyroscope; picture-in-picture; web-share\" referrerpolicy=\"strict-origin-when-cross-origin\" allowfullscreen><\/iframe>\n<\/div><\/figure>\n\n\n\n<h4 class=\"wp-block-heading\">\u00c0 faire vous-m\u00eame 3<\/h4>\n\n\n\n<p>L&rsquo;exp\u00e9rience du \u00ab\u00a0petit monde\u00a0\u00bb de 1967 a souvent \u00e9t\u00e9 critiqu\u00e9e, expliquez pourquoi (vous trouverez ces informations sur le Net).<\/p>\n\n\n\n<h4 class=\"wp-block-heading\">\u00c0 faire vous-m\u00eame 4<\/h4>\n\n\n\n<p>Si on consid\u00e8re le monde comme un graphe o\u00f9 chaque personne est un sommet du graphe et chaque relation (A \u00ab\u00a0connait\u00a0\u00bb B) est une ar\u00eate du graphe, quel est l&rsquo;excentricit\u00e9 (revoir l&rsquo;activit\u00e9 sur les graphes si n\u00e9cessaire) d&rsquo;un sommet quelconque d&rsquo;apr\u00e8s la th\u00e9orie de Milgram ? Cette valeur de l&rsquo;\u00e9cartement a-t-elle \u00e9volu\u00e9 avec l&rsquo;arriv\u00e9e des r\u00e9seaux sociaux ?<\/p>\n\n\n\n<p><strong>Pour aller plus loin<\/strong>, vous pouvez regarder cette autre vid\u00e9o <\/p>\n\n\n\n<figure class=\"wp-block-embed is-type-video is-provider-youtube wp-block-embed-youtube wp-embed-aspect-16-9 wp-has-aspect-ratio\"><div class=\"wp-block-embed__wrapper\">\n<iframe loading=\"lazy\" title=\"Comment sommes nous connect\u00e9s ? |  Feat. E-penser, Manon Bril &amp; bien d&#039;autres | EPISODE #9\" width=\"474\" height=\"267\" src=\"https:\/\/www.youtube.com\/embed\/UX7YQ6m2r_o?feature=oembed\" frameborder=\"0\" allow=\"accelerometer; autoplay; clipboard-write; encrypted-media; gyroscope; picture-in-picture; web-share\" referrerpolicy=\"strict-origin-when-cross-origin\" allowfullscreen><\/iframe>\n<\/div><figcaption class=\"wp-element-caption\">pour compl\u00e9ter l&rsquo;\u00e9tude<\/figcaption><\/figure>\n\n\n\n<p>En bonus, regardez  <strong>E-reputation<\/strong><\/p>\n\n\n\n<figure class=\"wp-block-embed is-type-video is-provider-youtube wp-block-embed-youtube wp-embed-aspect-16-9 wp-has-aspect-ratio\"><div class=\"wp-block-embed__wrapper\">\n<iframe loading=\"lazy\" title=\"E-reputation: une seconde identit\u00e9  | Amghar Malik | TEDxUniversit\u00e9Lyon3\" width=\"474\" height=\"267\" src=\"https:\/\/www.youtube.com\/embed\/UJXwkxBHr14?feature=oembed\" frameborder=\"0\" allow=\"accelerometer; autoplay; clipboard-write; encrypted-media; gyroscope; picture-in-picture; web-share\" referrerpolicy=\"strict-origin-when-cross-origin\" allowfullscreen><\/iframe>\n<\/div><\/figure>\n\n\n\n<h2 class=\"wp-block-heading\">les fakes news<\/h2>\n\n\n\n<p><a href=\"https:\/\/tube-arts-lettres-sciences-humaines.apps.education.fr\/w\/p\/6aiNLB2vxZCEa7y4pE4yGG?playlistPosition=1&amp;resume=true\">visionnez la vid\u00e9o<\/a><\/p>\n\n\n\n<h2 class=\"wp-block-heading\">En bonus si vous avez tout termin\u00e9 le th\u00e8me<\/h2>\n\n\n\n<p>Visionnez la vid\u00e9o \u00a0\u00bb comment les r\u00e9seaux sociaux captent notre attention\u00a0\u00bb <a href=\"https:\/\/www.youtube.com\/watch?v=HyUVfiGQ-Ho\"> tous accro au t\u00e9l\u00e9phone portable<\/a><\/p>\n\n\n\n<p>une sur les<a href=\"https:\/\/www.youtube.com\/watch?v=mV68SkQBwsU\"> arnaques d&rsquo;influenceurs<\/a> sur les r\u00e9seaux sociaux <\/p>\n\r\n","protected":false},"excerpt":{"rendered":"<p>\u00c0 faire vous-m\u00eame 1 &#8211; R\u00e9sumez en quelques lignes la vid\u00e9o pr\u00e9c\u00e9dente &#8211; R\u00e9sumez en quelques lignes la vid\u00e9o pr\u00e9c\u00e9dente \u00c0 faire vous-m\u00eame 2 En vous aidant de la vid\u00e9o ci-dessous, expliquez la notion de \u00ab\u00a0petit monde\u00a0\u00bb (exp\u00e9rience de Milgram en 1967 et \u00e9tude de l&rsquo;universit\u00e9 de Milan en 2011) \u00c0 faire vous-m\u00eame 3 L&rsquo;exp\u00e9rience &hellip; <a href=\"https:\/\/icn-isn-boissy.yj.fr\/wp\/sciences-numeriques-et-technologie\/les-reseaux-sociaux\/petit-monde\/\" class=\"more-link\">Continuer la lecture de <span class=\"screen-reader-text\">Petit monde<\/span>  <span class=\"meta-nav\">&rarr;<\/span><\/a><\/p>\n","protected":false},"author":1,"featured_media":0,"parent":1367,"menu_order":0,"comment_status":"closed","ping_status":"closed","template":"","meta":{"footnotes":""},"class_list":["post-1380","page","type-page","status-publish","hentry"],"_links":{"self":[{"href":"https:\/\/icn-isn-boissy.yj.fr\/wp\/wp-json\/wp\/v2\/pages\/1380","targetHints":{"allow":["GET"]}}],"collection":[{"href":"https:\/\/icn-isn-boissy.yj.fr\/wp\/wp-json\/wp\/v2\/pages"}],"about":[{"href":"https:\/\/icn-isn-boissy.yj.fr\/wp\/wp-json\/wp\/v2\/types\/page"}],"author":[{"embeddable":true,"href":"https:\/\/icn-isn-boissy.yj.fr\/wp\/wp-json\/wp\/v2\/users\/1"}],"replies":[{"embeddable":true,"href":"https:\/\/icn-isn-boissy.yj.fr\/wp\/wp-json\/wp\/v2\/comments?post=1380"}],"version-history":[{"count":8,"href":"https:\/\/icn-isn-boissy.yj.fr\/wp\/wp-json\/wp\/v2\/pages\/1380\/revisions"}],"predecessor-version":[{"id":4231,"href":"https:\/\/icn-isn-boissy.yj.fr\/wp\/wp-json\/wp\/v2\/pages\/1380\/revisions\/4231"}],"up":[{"embeddable":true,"href":"https:\/\/icn-isn-boissy.yj.fr\/wp\/wp-json\/wp\/v2\/pages\/1367"}],"wp:attachment":[{"href":"https:\/\/icn-isn-boissy.yj.fr\/wp\/wp-json\/wp\/v2\/media?parent=1380"}],"curies":[{"name":"wp","href":"https:\/\/api.w.org\/{rel}","templated":true}]}}