{"id":1334,"date":"2019-06-06T13:03:45","date_gmt":"2019-06-06T11:03:45","guid":{"rendered":"https:\/\/icn-isn-boissy.yj.fr\/wp\/?page_id=1334"},"modified":"2025-09-16T16:55:33","modified_gmt":"2025-09-16T14:55:33","slug":"le-web","status":"publish","type":"page","link":"https:\/\/icn-isn-boissy.yj.fr\/wp\/sciences-numeriques-et-technologie\/le-web\/","title":{"rendered":"le web"},"content":{"rendered":"\n<figure class=\"wp-block-embed is-type-video is-provider-youtube wp-block-embed-youtube wp-embed-aspect-16-9 wp-has-aspect-ratio\"><div class=\"wp-block-embed__wrapper\">\n<iframe loading=\"lazy\" title=\"MOOC SNT \/ Le web, &quot;site internet&quot;\u00a0ou &quot;site web&quot;\u00a0?\" width=\"474\" height=\"267\" src=\"https:\/\/www.youtube.com\/embed\/GqD6AiaRo3U?feature=oembed\" frameborder=\"0\" allow=\"accelerometer; autoplay; clipboard-write; encrypted-media; gyroscope; picture-in-picture; web-share\" referrerpolicy=\"strict-origin-when-cross-origin\" allowfullscreen><\/iframe>\n<\/div><figcaption class=\"wp-element-caption\"><a href=\"https:\/\/www.fun-mooc.fr\/\">MOOC SNT<\/a><\/figcaption><\/figure>\n\n\n\n<p><a href=\"https:\/\/icn-isn-boissy.yj.fr\/wp\/sciences-numeriques-et-technologie\/le-web\/introduction\/\">1  Introduction<\/a><\/p>\n\n\n\n<p>2   <a href=\"https:\/\/icn-isn-boissy.yj.fr\/wp\/sciences-numeriques-et-technologie\/le-web\/url\/\">URL<\/a><\/p>\n\n\n\n<p><\/p>\n\n\n\n<p>3 <a href=\"https:\/\/icn-isn-boissy.yj.fr\/wp\/sciences-numeriques-et-technologie\/le-web\/html-et-css\/\">HTML et CSS<\/a><\/p>\n\n\n\n<p>4 <a aria-label=\" (s\u2019ouvre dans un nouvel onglet)\" href=\"https:\/\/icn-isn-boissy.yj.fr\/wp\/2019\/09\/19\/hameconnage\/\" target=\"_blank\" rel=\"noreferrer noopener\">Phishing<\/a><\/p>\n\n\n\n<p>5 <a href=\"https:\/\/icn-isn-boissy.yj.fr\/wp\/sciences-numeriques-et-technologie\/internet\/les-cookies\/\">Les cookies<\/a><\/p>\n\n\n\n<p>6 <a href=\"https:\/\/icn-isn-boissy.yj.fr\/wp\/sciences-numeriques-et-technologie\/le-web\/les-moteurs-de-recherche\/\">Les moteurs de recherche<\/a><\/p>\n\n\n\n<h2 class=\"wp-block-heading\"> Rendu de l&rsquo;\u00e9tude sur le Web<\/h2>\n\n\n\n<p>Tout au long de l&rsquo;\u00e9tude, vous consignerez votre travail dans un compte-rendu.<\/p>\n\n\n\n<p>2 possibilit\u00e9s suivant les indications de votre professeur :<\/p>\n\n\n\n<p><\/p>\n\n\n\n<ol class=\"wp-block-list\">\n<li>Cr\u00e9er un <strong>r\u00e9pertoire dans votre espace<\/strong> avec comme intitul\u00e9 :\n<ul class=\"wp-block-list\">\n<li>Gr <strong>SNT<\/strong><em>XX<\/em><strong>_<\/strong><em>nom en entier<\/em><strong>_WEB_<\/strong>classe<\/li>\n\n\n\n<li><strong>SNT<\/strong>15<strong>_<\/strong>Nom1_Nom2<strong>_WEB_<\/strong>2\u00b05<\/li>\n<\/ul>\n<\/li>\n\n\n\n<li>Ouvrir libre office writer ou onlyoffice ou se connecter sur <strong><a href=\"https:\/\/login.microsoftonline.com\/organizations\/oauth2\/v2.0\/authorize?client_id=4765445b-32c6-49b0-83e6-1d93765276ca&amp;redirect_uri=https%3A%2F%2Fwww.office.com%2Flandingv2&amp;response_type=code%20id_token&amp;scope=openid%20profile%20https%3A%2F%2Fwww.office.com%2Fv2%2FOfficeHome.All&amp;response_mode=form_post&amp;nonce=637678125040018327.YjQ4MzM3YTctMWFhYi00ZjgyLThhZmItZTY4Zjc2NDg1YmUwZjRjYWZkMzQtY2U4ZC00Njk0LWJkMmQtZjhhOGVhMDQ3ZGYy&amp;ui_locales=fr-FR&amp;mkt=fr-FR&amp;msafed=0&amp;state=Z4sLLHYa-15M7CdYbelmzm4xd2MtLulyX6FMMPcgMws2LHuzwXWJuY9QDi7Rtkfs6BNyi8-ymmEWx6FMEaYq0HsPSWslYFsfTZENj8yKFxi1bjEIOMkYViYAYwAj0TIV4ySMDthq_YZ4-5kfIh3YWpgWtC4RTfL32nWKJyuOxe0Fiqvuh7NFFGWUJzDcrbnGjwsZGn6u1Nuo5M7Wg-dteUFWsQ6P7_SU2P15GK1NEKChjKYuTVuE8k5fOiXX1oLgjqpr3x-_1AtGLfYjDttT_iS8it8TbaekteIMDRYGxIuN9dvxnYvaV33u1F6XV2ZJLZPK7OHfxjyhn15ESYLRo7Fvng9mdMknRhCv8uQb_JVltQ8_PvGNm9yw-308TdWQ&amp;x-client-SKU=ID_NETSTANDARD2_0&amp;x-client-ver=6.11.0.0\">office365 online<\/a> <\/strong>et cr\u00e9er votre compte-rendu dans l&rsquo;application World online avec  comme intitul\u00e9 :\n<ul class=\"wp-block-list\">\n<li>Gr <strong>SNT<\/strong><em>XX<\/em><strong>_<\/strong><em>nom en entier<\/em><strong>_WEB_<\/strong>classe<\/li>\n\n\n\n<li><strong>SNT<\/strong>15<strong>_<\/strong>Nom1_Nom2<strong>_WEB_<\/strong>2\u00b05<\/li>\n<\/ul>\n<\/li>\n<\/ol>\n\r\n","protected":false},"excerpt":{"rendered":"<p>1 Introduction 2 URL 3 HTML et CSS 4 Phishing 5 Les cookies 6 Les moteurs de recherche Rendu de l&rsquo;\u00e9tude sur le Web Tout au long de l&rsquo;\u00e9tude, vous consignerez votre travail dans un compte-rendu. 2 possibilit\u00e9s suivant les indications de votre professeur :<\/p>\n","protected":false},"author":1,"featured_media":0,"parent":1282,"menu_order":0,"comment_status":"closed","ping_status":"closed","template":"","meta":{"footnotes":""},"class_list":["post-1334","page","type-page","status-publish","hentry"],"_links":{"self":[{"href":"https:\/\/icn-isn-boissy.yj.fr\/wp\/wp-json\/wp\/v2\/pages\/1334","targetHints":{"allow":["GET"]}}],"collection":[{"href":"https:\/\/icn-isn-boissy.yj.fr\/wp\/wp-json\/wp\/v2\/pages"}],"about":[{"href":"https:\/\/icn-isn-boissy.yj.fr\/wp\/wp-json\/wp\/v2\/types\/page"}],"author":[{"embeddable":true,"href":"https:\/\/icn-isn-boissy.yj.fr\/wp\/wp-json\/wp\/v2\/users\/1"}],"replies":[{"embeddable":true,"href":"https:\/\/icn-isn-boissy.yj.fr\/wp\/wp-json\/wp\/v2\/comments?post=1334"}],"version-history":[{"count":15,"href":"https:\/\/icn-isn-boissy.yj.fr\/wp\/wp-json\/wp\/v2\/pages\/1334\/revisions"}],"predecessor-version":[{"id":4304,"href":"https:\/\/icn-isn-boissy.yj.fr\/wp\/wp-json\/wp\/v2\/pages\/1334\/revisions\/4304"}],"up":[{"embeddable":true,"href":"https:\/\/icn-isn-boissy.yj.fr\/wp\/wp-json\/wp\/v2\/pages\/1282"}],"wp:attachment":[{"href":"https:\/\/icn-isn-boissy.yj.fr\/wp\/wp-json\/wp\/v2\/media?parent=1334"}],"curies":[{"name":"wp","href":"https:\/\/api.w.org\/{rel}","templated":true}]}}